{"id":529,"date":"2015-04-20T11:50:56","date_gmt":"2015-04-20T11:50:56","guid":{"rendered":"http:\/\/welfare.cmsmasters.net\/?page_id=529"},"modified":"2025-11-18T12:08:54","modified_gmt":"2025-11-18T12:08:54","slug":"about-us","status":"publish","type":"page","link":"https:\/\/www.nrhostel.com\/?page_id=529","title":{"rendered":"About Us"},"content":{"rendered":"<div id=\"cmsmasters_row_ab4738af4f\" class=\"cmsmasters_row cmsmasters_color_scheme_default cmsmasters_row_top_default cmsmasters_row_bot_default cmsmasters_row_boxed\">\n<div class=\"cmsmasters_row_outer_parent\">\n<div class=\"cmsmasters_row_outer\">\n<div class=\"cmsmasters_row_inner\">\n<div class=\"cmsmasters_row_margin\">\n<div id=\"cmsmasters_column_8895545397\" class=\"cmsmasters_column one_first\">\n<div class=\"cmsmasters_column_inner\"><div id=\"cmsmasters_heading_25ae3e96d0\" class=\"cmsmasters_heading_wrap cmsmasters_heading_align_center\">\n\t<h3 class=\"cmsmasters_heading\">Luxury<\/h3>\n<\/div><div id=\"cmsmasters_heading_d4f9506a1e\" class=\"cmsmasters_heading_wrap cmsmasters_heading_align_center\">\n\t<h2 class=\"cmsmasters_heading\">Chambres<\/h2>\n<\/div>\n<\/div><\/div>\n<\/div>\n<\/div>\n<\/div>\n<\/div>\n<\/div>\n<div id=\"cmsmasters_row_71e2482c81\" class=\"cmsmasters_row cmsmasters_color_scheme_default cmsmasters_row_top_default cmsmasters_row_bot_default cmsmasters_row_boxed\">\n<div class=\"cmsmasters_row_outer_parent\">\n<div class=\"cmsmasters_row_outer\">\n<div class=\"cmsmasters_row_inner\">\n<div class=\"cmsmasters_row_margin\">\n<div id=\"cmsmasters_column_759ec1e3c7\" class=\"cmsmasters_column one_first\">\n<div class=\"cmsmasters_column_inner\">\n<div class=\"cmsmasters_posts_slider\" >\r\n\t\t<div id=\"cmsmasters_slider_9a5902c239\" class=\"cmsmasters_owl_slider owl-carousel\" data-items=\"1\" data-pagination=\"true\" data-navigation=\"false\" data-single-item=\"false\" data-auto-play=\"5000\"><div class=\"cmsmasters_owl_slider_item\"><!-- Start Posts Slider Project Article -->\r\n<article id=\"post-13916\" class=\"cmsmasters_slider_project post-13916 project type-project status-publish format-standard has-post-thumbnail hentry pj-categs-bathroom pj-categs-cable-tv pj-categs-conditioning\">\r\n\t<div class=\"cmsmasters_slider_project_outer\">\r\n\t<div class=\"project_img_wrap \"><div class=\"cmsmasters_atach_img\" style=\"background-image: url(https:\/\/www.nrhostel.com\/wp-content\/uploads\/2025\/11\/MG_2553-scaled-e1762710406618.jpg)\"><\/div><\/div><div class=\"cmsmasters_slider_project_inner\"><header class=\"cmsmasters_slider_project_header entry-header\"><h3 class=\"cmsmasters_slider_project_title entry-title\"><a href=\"https:\/\/www.nrhostel.com\/?project=luxury-double-room-suite-attic-floor-2\">Chambre Familiale (Communicante)<\/a><\/h3><\/header><h3 class=\"cmsmasters_project_subtitle\">Chambre Familiale (Communicante)<\/h3><div class=\"cmsmasters_slider_project_content entry-content\">\n<p>Luxury Double Room Suite has a comfortable queen size or twin bed, a sitting area, separate desk and bathroom with walk-in rain dance shower or a bath and shower and modern art and neutral colors.<\/p>\n<\/div>\n<div class=\"cmsmasters_slider_project_info_wrap\"><span class=\"cmsmasters_project_price\">18 000 DA \/ Nuit<\/span><a class=\"cmsmasters_slider_post_read_more\" href=\"https:\/\/www.nrhostel.com\/?project=luxury-double-room-suite-attic-floor-2\">Learn More<\/a><\/div><\/div>\t<\/div>\r\n<\/article>\r\n<!-- Finish Posts Slider Project Article -->\r\n\r\n<\/div><div class=\"cmsmasters_owl_slider_item\"><!-- Start Posts Slider Project Article -->\r\n<article id=\"post-13294\" class=\"cmsmasters_slider_project post-13294 project type-project status-publish format-standard has-post-thumbnail hentry pj-categs-bathroom pj-categs-cable-tv pj-categs-conditioning pj-categs-room-services\">\r\n\t<div class=\"cmsmasters_slider_project_outer\">\r\n\t<div class=\"project_img_wrap \"><div class=\"cmsmasters_atach_img\" style=\"background-image: url(https:\/\/www.nrhostel.com\/wp-content\/uploads\/2017\/05\/MG_2561-scaled.jpg)\"><\/div><\/div><div class=\"cmsmasters_slider_project_inner\"><header class=\"cmsmasters_slider_project_header entry-header\"><h3 class=\"cmsmasters_slider_project_title entry-title\"><a href=\"https:\/\/www.nrhostel.com\/?project=luxury-double-room-suite\">Chambre Triple<\/a><\/h3><\/header><h3 class=\"cmsmasters_project_subtitle\">Spacieuse et lumineuse Cahmbre<\/h3><div class=\"cmsmasters_slider_project_content entry-content\">\n<p>Luxury Double Room Suite has a comfortable queen size or twin bed, a sitting area, separate desk and bathroom with walk-in rain dance shower or a bath and shower and modern art and neutral colors.<\/p>\n<\/div>\n<div class=\"cmsmasters_slider_project_info_wrap\"><span class=\"cmsmasters_project_price\">15 000 DA\/ Nuit<\/span><a class=\"cmsmasters_slider_post_read_more\" href=\"https:\/\/www.nrhostel.com\/?project=luxury-double-room-suite\">Learn More<\/a><\/div><\/div>\t<\/div>\r\n<\/article>\r\n<!-- Finish Posts Slider Project Article -->\r\n\r\n<\/div><div class=\"cmsmasters_owl_slider_item\"><!-- Start Posts Slider Project Article -->\r\n<article id=\"post-9410\" class=\"cmsmasters_slider_project post-9410 project type-project status-publish format-standard has-post-thumbnail hentry pj-categs-bathroom pj-categs-conditioning pj-categs-queen pj-categs-room-services\">\r\n\t<div class=\"cmsmasters_slider_project_outer\">\r\n\t<div class=\"project_img_wrap \"><div class=\"cmsmasters_atach_img\" style=\"background-image: url(https:\/\/www.nrhostel.com\/wp-content\/uploads\/2017\/05\/MG_2561-scaled.jpg)\"><\/div><\/div><div class=\"cmsmasters_slider_project_inner\"><header class=\"cmsmasters_slider_project_header entry-header\"><h3 class=\"cmsmasters_slider_project_title entry-title\"><a href=\"https:\/\/www.nrhostel.com\/?project=luxury-double-suite-attic-floor\">Chambre Double<\/a><\/h3><\/header><h3 class=\"cmsmasters_project_subtitle\">Chambre de qualit\u00e9 avec acc\u00e9s piscine<\/h3><div class=\"cmsmasters_slider_project_content entry-content\">\n<p>La Suite Double de Luxe dispose d\u2019un lit queen-size ou de deux lits jumeaux, d\u2019un coin salon, d\u2019un bureau s\u00e9par\u00e9 et d\u2019une salle de bain \u00e9quip\u00e9e d\u2019une douche \u00e0 effet pluie ou d\u2019une baignoire avec douche. Le tout est agr\u00e9ment\u00e9 d\u2019une d\u00e9coration moderne aux tons neutres et \u00e9l\u00e9gants.<\/p>\n<p>Les chambres offrent tous les \u00e9quipements n\u00e9cessaires : t\u00e9l\u00e9vision \u00e0 \u00e9cran plat, connexion Wi-Fi, produits de bain The Spa Collection, climatisation, s\u00e8che-cheveux.<\/p>\n<\/div>\n<div class=\"cmsmasters_slider_project_info_wrap\"><span class=\"cmsmasters_project_price\">12 000DA \/ La Nuit<\/span><a class=\"cmsmasters_slider_post_read_more\" href=\"https:\/\/www.nrhostel.com\/?project=luxury-double-suite-attic-floor\">Learn More<\/a><\/div><\/div>\t<\/div>\r\n<\/article>\r\n<!-- Finish Posts Slider Project Article -->\r\n\r\n<\/div><\/div><\/div>\n<\/div><\/div>\n<\/div>\n<\/div>\n<\/div>\n<\/div>\n<\/div>\n<div id=\"cmsmasters_row_9e3a3ba4fc\" class=\"cmsmasters_row cmsmasters_color_scheme_default cmsmasters_row_top_default cmsmasters_row_bot_default cmsmasters_row_boxed\">\n<div class=\"cmsmasters_row_outer_parent\">\n<div class=\"cmsmasters_row_outer\">\n<div class=\"cmsmasters_row_inner\">\n<div class=\"cmsmasters_row_margin\">\n<div id=\"cmsmasters_column_a1918f7693\" class=\"cmsmasters_column one_first\">\n<div class=\"cmsmasters_column_inner\"><div id=\"cmsmasters_heading_a3b8af9d54\" class=\"cmsmasters_heading_wrap cmsmasters_heading_align_center\">\n\t<h3 class=\"cmsmasters_heading\">Client<\/h3>\n<\/div><div id=\"cmsmasters_heading_9749b93db3\" class=\"cmsmasters_heading_wrap cmsmasters_heading_align_center\">\n\t<h2 class=\"cmsmasters_heading\">T\u00e9moignages<\/h2>\n<\/div><div class=\"cmsmasters_quotes cmsmasters_quotes_grid quote_three\">\n<span class=\"cmsmasters_quotes_vert\"><span><\/span><\/span><div class=\"cmsmasters_quotes_list\">\n<div class=\"cmsmasters_quote\">\n<!-- Start Quote Grid Article -->\r\n<article class=\"cmsmasters_quote_inner\"><div class=\"cmsmasters_quote_img_info_wrap\"><figure class=\"cmsmasters_quote_image\"><img loading=\"lazy\" decoding=\"async\" width=\"300\" height=\"300\" src=\"https:\/\/www.nrhostel.com\/wp-content\/uploads\/2025\/11\/blue-circle-with-white-user_78370-4707-300x300.avif\" class=\"attachment-cmsmasters-square-thumb size-cmsmasters-square-thumb\" alt=\"\" srcset=\"https:\/\/www.nrhostel.com\/wp-content\/uploads\/2025\/11\/blue-circle-with-white-user_78370-4707-300x300.avif 300w, https:\/\/www.nrhostel.com\/wp-content\/uploads\/2025\/11\/blue-circle-with-white-user_78370-4707-150x150.avif 150w, https:\/\/www.nrhostel.com\/wp-content\/uploads\/2025\/11\/blue-circle-with-white-user_78370-4707-64x64.avif 64w, https:\/\/www.nrhostel.com\/wp-content\/uploads\/2025\/11\/blue-circle-with-white-user_78370-4707-580x580.avif 580w, https:\/\/www.nrhostel.com\/wp-content\/uploads\/2025\/11\/blue-circle-with-white-user_78370-4707-540x540.avif 540w, https:\/\/www.nrhostel.com\/wp-content\/uploads\/2025\/11\/blue-circle-with-white-user_78370-4707-600x600.avif 600w, https:\/\/www.nrhostel.com\/wp-content\/uploads\/2025\/11\/blue-circle-with-white-user_78370-4707-100x100.avif 100w, https:\/\/www.nrhostel.com\/wp-content\/uploads\/2025\/11\/blue-circle-with-white-user_78370-4707.avif 740w\" sizes=\"auto, (max-width: 300px) 100vw, 300px\" \/><\/figure><div class=\"cmsmasters_quote_info_wrap\"><header class=\"cmsmasters_quote_header\"><h3 class=\"cmsmasters_quote_title\">Fatima<\/h3><\/header><div class=\"cmsmasters_quote_subtitle_wrap\"><h6 class=\"cmsmasters_quote_subtitle\">Model<\/h6><\/div><\/div><\/div><div class=\"cmsmasters_quote_content\">\n<p class=\"p1\" style=\"color: #000000\"><b>\u00ab Nous avons pass\u00e9 des vacances parfaites \u00e0 l\u2019H\u00f4tel NR Hostel. Piscine superbe, emplacement id\u00e9al et ambiance tr\u00e8s agr\u00e9able. Hautement recommand\u00e9 ! \u00bb<\/b><\/p>\n<\/div><\/article>\r\n<!-- Finish Quote Grid Article -->\r\n\r\n<\/div>\n<div class=\"cmsmasters_quote\">\n<!-- Start Quote Grid Article -->\r\n<article class=\"cmsmasters_quote_inner\"><div class=\"cmsmasters_quote_img_info_wrap\"><figure class=\"cmsmasters_quote_image\"><img loading=\"lazy\" decoding=\"async\" width=\"300\" height=\"300\" src=\"https:\/\/www.nrhostel.com\/wp-content\/uploads\/2025\/11\/blue-circle-with-white-user_78370-4707-300x300.avif\" class=\"attachment-cmsmasters-square-thumb size-cmsmasters-square-thumb\" alt=\"\" srcset=\"https:\/\/www.nrhostel.com\/wp-content\/uploads\/2025\/11\/blue-circle-with-white-user_78370-4707-300x300.avif 300w, https:\/\/www.nrhostel.com\/wp-content\/uploads\/2025\/11\/blue-circle-with-white-user_78370-4707-150x150.avif 150w, https:\/\/www.nrhostel.com\/wp-content\/uploads\/2025\/11\/blue-circle-with-white-user_78370-4707-64x64.avif 64w, https:\/\/www.nrhostel.com\/wp-content\/uploads\/2025\/11\/blue-circle-with-white-user_78370-4707-580x580.avif 580w, https:\/\/www.nrhostel.com\/wp-content\/uploads\/2025\/11\/blue-circle-with-white-user_78370-4707-540x540.avif 540w, https:\/\/www.nrhostel.com\/wp-content\/uploads\/2025\/11\/blue-circle-with-white-user_78370-4707-600x600.avif 600w, https:\/\/www.nrhostel.com\/wp-content\/uploads\/2025\/11\/blue-circle-with-white-user_78370-4707-100x100.avif 100w, https:\/\/www.nrhostel.com\/wp-content\/uploads\/2025\/11\/blue-circle-with-white-user_78370-4707.avif 740w\" sizes=\"auto, (max-width: 300px) 100vw, 300px\" \/><\/figure><div class=\"cmsmasters_quote_info_wrap\"><header class=\"cmsmasters_quote_header\"><h3 class=\"cmsmasters_quote_title\">Mohamed K.<\/h3><\/header><div class=\"cmsmasters_quote_subtitle_wrap\"><h6 class=\"cmsmasters_quote_subtitle\">Developer<\/h6><\/div><\/div><\/div><div class=\"cmsmasters_quote_content\">\n<p class=\"p1\" style=\"color: #000000\"><b>\u00ab Un s\u00e9jour incroyable ! L\u2019h\u00f4tel est magnifique, le personnel tr\u00e8s accueillant et la vue sur la mer est \u00e0 couper le souffle. Nous reviendrons sans h\u00e9siter ! \u00bb<\/b><\/p>\n<\/div><\/article>\r\n<!-- Finish Quote Grid Article -->\r\n\r\n<\/div>\n<div class=\"cmsmasters_quote\">\n<!-- Start Quote Grid Article -->\r\n<article class=\"cmsmasters_quote_inner\"><div class=\"cmsmasters_quote_img_info_wrap\"><figure class=\"cmsmasters_quote_image\"><img loading=\"lazy\" decoding=\"async\" width=\"300\" height=\"300\" src=\"https:\/\/www.nrhostel.com\/wp-content\/uploads\/2025\/11\/blue-circle-with-white-user_78370-4707-300x300.avif\" class=\"attachment-cmsmasters-square-thumb size-cmsmasters-square-thumb\" alt=\"\" srcset=\"https:\/\/www.nrhostel.com\/wp-content\/uploads\/2025\/11\/blue-circle-with-white-user_78370-4707-300x300.avif 300w, https:\/\/www.nrhostel.com\/wp-content\/uploads\/2025\/11\/blue-circle-with-white-user_78370-4707-150x150.avif 150w, https:\/\/www.nrhostel.com\/wp-content\/uploads\/2025\/11\/blue-circle-with-white-user_78370-4707-64x64.avif 64w, https:\/\/www.nrhostel.com\/wp-content\/uploads\/2025\/11\/blue-circle-with-white-user_78370-4707-580x580.avif 580w, https:\/\/www.nrhostel.com\/wp-content\/uploads\/2025\/11\/blue-circle-with-white-user_78370-4707-540x540.avif 540w, https:\/\/www.nrhostel.com\/wp-content\/uploads\/2025\/11\/blue-circle-with-white-user_78370-4707-600x600.avif 600w, https:\/\/www.nrhostel.com\/wp-content\/uploads\/2025\/11\/blue-circle-with-white-user_78370-4707-100x100.avif 100w, https:\/\/www.nrhostel.com\/wp-content\/uploads\/2025\/11\/blue-circle-with-white-user_78370-4707.avif 740w\" sizes=\"auto, (max-width: 300px) 100vw, 300px\" \/><\/figure><div class=\"cmsmasters_quote_info_wrap\"><header class=\"cmsmasters_quote_header\"><h3 class=\"cmsmasters_quote_title\">Mallak<\/h3><\/header><div class=\"cmsmasters_quote_subtitle_wrap\"><h6 class=\"cmsmasters_quote_subtitle\">Designer<\/h6><\/div><\/div><\/div><div class=\"cmsmasters_quote_content\">\n<p class=\"p1\" style=\"color: #000000\"><b>\u00ab Chambre spacieuse, propre et confortable. Le service \u00e9tait impeccable et le petit-d\u00e9jeuner d\u00e9licieux. Merci pour cette exp\u00e9rience m\u00e9morable ! \u00bb<\/b><\/p>\n<\/div><\/article>\r\n<!-- Finish Quote Grid Article -->\r\n\r\n<\/div>\n<span class=\"cl\"><\/span><\/div>\n<\/div>\n<\/div><\/div>\n<\/div>\n<\/div>\n<\/div>\n<\/div>\n<\/div>\n<div id=\"cmsmasters_row_b530bb1f3c\" class=\"cmsmasters_row cmsmasters_color_scheme_default cmsmasters_row_top_default cmsmasters_row_bot_default cmsmasters_row_boxed\">\n<div class=\"cmsmasters_row_outer_parent\">\n<div class=\"cmsmasters_row_outer\">\n<div class=\"cmsmasters_row_inner\">\n<div class=\"cmsmasters_row_margin\">\n<div id=\"cmsmasters_column_068053166e\" class=\"cmsmasters_column one_first\">\n<div class=\"cmsmasters_column_inner\"><div id=\"cmsmasters_heading_d114ebe08d\" class=\"cmsmasters_heading_wrap cmsmasters_heading_align_center\">\n\t<h3 class=\"cmsmasters_heading\">Our Food<\/h3>\n<\/div><div id=\"cmsmasters_heading_ca6a79e728\" class=\"cmsmasters_heading_wrap cmsmasters_heading_align_center\">\n\t<h2 class=\"cmsmasters_heading\">Paradis gastronomique<\/h2>\n<\/div><div id=\"cmsmasters_hover_slider_8ul742khud\" class=\"cmsmasters_hover_slider\" data-thumb-width=\"100\" data-thumb-height=\"60\" data-active-slide=\"1\" data-pause-time=\"5000\" data-pause-on-hover=\"true\"><ul class=\"cmsmasters_hover_slider_items\">\n<li><figure class=\"cmsmasters_hover_slider_full_img\"><img loading=\"lazy\" decoding=\"async\" width=\"860\" height=\"500\" src=\"https:\/\/www.nrhostel.com\/wp-content\/uploads\/2025\/11\/MG_2520-860x500.jpg\" class=\"attachment-post-thumbnail size-post-thumbnail\" alt=\"\" \/><\/figure><\/li><li><figure class=\"cmsmasters_hover_slider_full_img\"><img loading=\"lazy\" decoding=\"async\" width=\"860\" height=\"500\" src=\"https:\/\/www.nrhostel.com\/wp-content\/uploads\/2025\/11\/MG_2521-860x500.jpg\" class=\"attachment-post-thumbnail size-post-thumbnail\" alt=\"\" \/><\/figure><\/li><li><figure class=\"cmsmasters_hover_slider_full_img\"><img loading=\"lazy\" decoding=\"async\" width=\"860\" height=\"500\" src=\"https:\/\/www.nrhostel.com\/wp-content\/uploads\/2025\/11\/MG_2526-860x500.jpg\" class=\"attachment-post-thumbnail size-post-thumbnail\" alt=\"\" \/><\/figure><\/li><li><figure class=\"cmsmasters_hover_slider_full_img\"><img loading=\"lazy\" decoding=\"async\" width=\"860\" height=\"500\" src=\"https:\/\/www.nrhostel.com\/wp-content\/uploads\/2025\/11\/MG_2534-860x500.jpg\" class=\"attachment-post-thumbnail size-post-thumbnail\" alt=\"\" \/><\/figure><\/li><li><figure class=\"cmsmasters_hover_slider_full_img\"><img loading=\"lazy\" decoding=\"async\" width=\"860\" height=\"500\" src=\"https:\/\/www.nrhostel.com\/wp-content\/uploads\/2025\/11\/MG_2535-860x500.jpg\" class=\"attachment-post-thumbnail size-post-thumbnail\" alt=\"\" \/><\/figure><\/li><\/ul>\n<\/div>\n<div class=\"cmsmasters_text\">\n<p class=\"p1\"><span class=\"s1\"><b>Petit-d\u00e9jeuner buffet inclus<\/b><\/span>, proposant un large choix de mets pour bien commencer la journ\u00e9e.<\/p>\n<p class=\"p2\"><span class=\"s2\">Savourez <\/span><b>des omelettes pr\u00e9par\u00e9es \u00e0 la demande<\/b><span class=\"s2\">, accompagn\u00e9es de <\/span><b>charcuteries fines<\/b><span class=\"s2\">, <\/span><b>fromages vari\u00e9s<\/b><span class=\"s2\">, <\/span><b>viennoiseries fra\u00eeches<\/b><span class=\"s2\">, <\/span><b>pains assortis<\/b><span class=\"s2\">, ainsi qu\u2019un vaste choix de <\/span><b>boissons chaudes<\/b><span class=\"s2\"> et de <\/span><b>jus naturels<\/b><span class=\"s2\">.<\/span><\/p>\n<\/div>\n<\/div><\/div>\n<\/div>\n<\/div>\n<\/div>\n<\/div>\n<\/div>\n\n","protected":false},"excerpt":{"rendered":"","protected":false},"author":1,"featured_media":0,"parent":0,"menu_order":0,"comment_status":"closed","ping_status":"closed","template":"","meta":{"footnotes":""},"class_list":["post-529","page","type-page","status-publish","hentry"],"jetpack_sharing_enabled":true,"_links":{"self":[{"href":"https:\/\/www.nrhostel.com\/index.php?rest_route=\/wp\/v2\/pages\/529","targetHints":{"allow":["GET"]}}],"collection":[{"href":"https:\/\/www.nrhostel.com\/index.php?rest_route=\/wp\/v2\/pages"}],"about":[{"href":"https:\/\/www.nrhostel.com\/index.php?rest_route=\/wp\/v2\/types\/page"}],"author":[{"embeddable":true,"href":"https:\/\/www.nrhostel.com\/index.php?rest_route=\/wp\/v2\/users\/1"}],"replies":[{"embeddable":true,"href":"https:\/\/www.nrhostel.com\/index.php?rest_route=%2Fwp%2Fv2%2Fcomments&post=529"}],"version-history":[{"count":27,"href":"https:\/\/www.nrhostel.com\/index.php?rest_route=\/wp\/v2\/pages\/529\/revisions"}],"predecessor-version":[{"id":17115,"href":"https:\/\/www.nrhostel.com\/index.php?rest_route=\/wp\/v2\/pages\/529\/revisions\/17115"}],"wp:attachment":[{"href":"https:\/\/www.nrhostel.com\/index.php?rest_route=%2Fwp%2Fv2%2Fmedia&parent=529"}],"curies":[{"name":"wp","href":"https:\/\/api.w.org\/{rel}","templated":true}]}}